{"id":147,"date":"2023-10-29T18:28:44","date_gmt":"2023-10-29T18:28:44","guid":{"rendered":"https:\/\/drfranciscopereidadiaz.com\/?page_id=147"},"modified":"2023-11-01T23:00:48","modified_gmt":"2023-11-01T23:00:48","slug":"contacto","status":"publish","type":"page","link":"https:\/\/drfranciscopereidadiaz.com\/index.php\/contacto\/","title":{"rendered":"DR. PEREIDA"},"content":{"rendered":"\t\t<div data-elementor-type=\"wp-page\" data-elementor-id=\"147\" class=\"elementor elementor-147\">\n\t\t\t\t<div class=\"elementor-element elementor-element-79f7958 e-flex e-con-boxed e-con e-parent\" data-id=\"79f7958\" data-element_type=\"container\" data-settings=\"{&quot;animation&quot;:&quot;none&quot;,&quot;background_background&quot;:&quot;classic&quot;}\">\n\t\t\t\t\t<div class=\"e-con-inner\">\n\t\t<div class=\"elementor-element elementor-element-8c01886 e-con-full e-flex e-con e-child\" data-id=\"8c01886\" data-element_type=\"container\" data-settings=\"{&quot;background_background&quot;:&quot;slideshow&quot;,&quot;background_slideshow_gallery&quot;:[],&quot;background_slideshow_loop&quot;:&quot;yes&quot;,&quot;background_slideshow_slide_duration&quot;:5000,&quot;background_slideshow_slide_transition&quot;:&quot;fade&quot;,&quot;background_slideshow_transition_duration&quot;:500}\">\n\t\t\t\t<\/div>\n\t\t<div class=\"elementor-element elementor-element-ca24c86 e-con-full e-flex e-con e-child\" data-id=\"ca24c86\" data-element_type=\"container\">\n\t\t\t\t<div class=\"elementor-element elementor-element-38573b2 elementor-widget elementor-widget-spacer\" data-id=\"38573b2\" data-element_type=\"widget\" data-widget_type=\"spacer.default\">\n\t\t\t\t<div class=\"elementor-widget-container\">\n\t\t\t\t\t\t\t<div class=\"elementor-spacer\">\n\t\t\t<div class=\"elementor-spacer-inner\"><\/div>\n\t\t<\/div>\n\t\t\t\t\t\t<\/div>\n\t\t\t\t<\/div>\n\t\t\t\t<div class=\"elementor-element elementor-element-12bb0d0 elementor-invisible elementor-widget elementor-widget-image\" data-id=\"12bb0d0\" data-element_type=\"widget\" data-settings=\"{&quot;_animation&quot;:&quot;zoomIn&quot;}\" data-widget_type=\"image.default\">\n\t\t\t\t<div class=\"elementor-widget-container\">\n\t\t\t\t\t\t\t\t\t\t\t\t\t\t\t<img fetchpriority=\"high\" decoding=\"async\" width=\"1024\" height=\"1024\" src=\"https:\/\/drfranciscopereidadiaz.com\/wp-content\/uploads\/2023\/10\/Diseno-sin-titulo-66.jpg\" class=\"attachment-large size-large wp-image-210\" alt=\"\" \/>\t\t\t\t\t\t\t\t\t\t\t\t\t\t\t<\/div>\n\t\t\t\t<\/div>\n\t\t\t\t<\/div>\n\t\t<div class=\"elementor-element elementor-element-2018098 e-con-full e-flex e-con e-child\" data-id=\"2018098\" data-element_type=\"container\" data-settings=\"{&quot;background_background&quot;:&quot;slideshow&quot;,&quot;background_slideshow_gallery&quot;:[],&quot;background_slideshow_loop&quot;:&quot;yes&quot;,&quot;background_slideshow_slide_duration&quot;:5000,&quot;background_slideshow_slide_transition&quot;:&quot;fade&quot;,&quot;background_slideshow_transition_duration&quot;:500}\">\n\t\t\t\t<\/div>\n\t\t\t\t\t<\/div>\n\t\t\t\t<\/div>\n\t\t<div class=\"elementor-element elementor-element-37a7cd6 e-flex e-con-boxed e-con e-parent\" data-id=\"37a7cd6\" data-element_type=\"container\" data-settings=\"{&quot;background_background&quot;:&quot;classic&quot;}\">\n\t\t\t\t\t<div class=\"e-con-inner\">\n\t\t\t\t<div class=\"elementor-element elementor-element-272e9bd elementor-invisible elementor-widget elementor-widget-heading\" data-id=\"272e9bd\" data-element_type=\"widget\" data-settings=\"{&quot;_animation&quot;:&quot;fadeIn&quot;}\" data-widget_type=\"heading.default\">\n\t\t\t\t<div class=\"elementor-widget-container\">\n\t\t\t\t\t<h2 class=\"elementor-heading-title elementor-size-default\">Dr. Francisco Pereida D\u00edaz<\/h2>\t\t\t\t<\/div>\n\t\t\t\t<\/div>\n\t\t\t\t<div class=\"elementor-element elementor-element-d20ad5c elementor-widget elementor-widget-text-editor\" data-id=\"d20ad5c\" data-element_type=\"widget\" data-widget_type=\"text-editor.default\">\n\t\t\t\t<div class=\"elementor-widget-container\">\n\t\t\t\t\t\t\t\t\t<p><em>Traumat\u00f3lo<\/em><\/p>\t\t\t\t\t\t\t\t<\/div>\n\t\t\t\t<\/div>\n\t\t\t\t<div class=\"elementor-element elementor-element-56ef50a elementor-invisible elementor-widget elementor-widget-text-editor\" data-id=\"56ef50a\" data-element_type=\"widget\" data-settings=\"{&quot;_animation&quot;:&quot;fadeIn&quot;}\" data-widget_type=\"text-editor.default\">\n\t\t\t\t<div class=\"elementor-widget-container\">\n\t\t\t\t\t\t\t\t\t<p>Estamos encantados de que est\u00e9s considerando ponerte en contacto con nosotros para abordar tus necesidades de traumatolog\u00eda y ortopedia, y para obtener informaci\u00f3n sobre nuestros servicios m\u00e9dicos.<\/p><p><strong>Informaci\u00f3n de Contacto:<\/strong><\/p><p>Direcci\u00f3n de la Consulta: <strong style=\"font-style: inherit;\">Virrey de Almanza 400 colonia el Duero<\/strong><br \/>N\u00famero de Tel\u00e9fono: <strong>3516881807<br \/><\/strong>N\u00famero de Celular: <strong>3511930333<\/strong><\/p><p><em><strong>Urgencias: 3513495121<\/strong><\/em><\/p><p>Horario de Atenci\u00f3n:<br \/><strong>Lunes a S\u00e1bado de 9 am a 2 pm<\/strong><\/p><p>El Dr. Francisco Pereida D\u00edaz es un traumat\u00f3logo y ortopedista altamente calificado con una amplia experiencia en el diagn\u00f3stico y tratamiento de lesiones y trastornos musculoesquel\u00e9ticos. Nuestro enfoque es proporcionar atenci\u00f3n m\u00e9dica personalizada y centrada en el paciente para ayudarte a recuperar tu bienestar y movilidad.<\/p><p>\u00a0<\/p>\t\t\t\t\t\t\t\t<\/div>\n\t\t\t\t<\/div>\n\t\t\t\t<div class=\"elementor-element elementor-element-d9cf35c elementor-align-center elementor-widget elementor-widget-button\" data-id=\"d9cf35c\" data-element_type=\"widget\" data-widget_type=\"button.default\">\n\t\t\t\t<div class=\"elementor-widget-container\">\n\t\t\t\t\t\t\t\t\t<div class=\"elementor-button-wrapper\">\n\t\t\t\t\t<a class=\"elementor-button elementor-button-link elementor-size-md\" href=\"https:\/\/wa.link\/age0c2\">\n\t\t\t\t\t\t<span class=\"elementor-button-content-wrapper\">\n\t\t\t\t\t\t\t\t\t<span class=\"elementor-button-text\">Agendar Cita<\/span>\n\t\t\t\t\t<\/span>\n\t\t\t\t\t<\/a>\n\t\t\t\t<\/div>\n\t\t\t\t\t\t\t\t<\/div>\n\t\t\t\t<\/div>\n\t\t\t\t<div class=\"elementor-element elementor-element-ae6af15 elementor-widget elementor-widget-spacer\" data-id=\"ae6af15\" data-element_type=\"widget\" data-widget_type=\"spacer.default\">\n\t\t\t\t<div class=\"elementor-widget-container\">\n\t\t\t\t\t\t\t<div class=\"elementor-spacer\">\n\t\t\t<div class=\"elementor-spacer-inner\"><\/div>\n\t\t<\/div>\n\t\t\t\t\t\t<\/div>\n\t\t\t\t<\/div>\n\t\t\t\t\t<\/div>\n\t\t\t\t<\/div>\n\t\t<div class=\"elementor-element elementor-element-5dde8f9 e-flex e-con-boxed e-con e-parent\" data-id=\"5dde8f9\" data-element_type=\"container\">\n\t\t\t\t\t<div class=\"e-con-inner\">\n\t\t\t\t<div class=\"elementor-element elementor-element-05f6af0 elementor-invisible elementor-widget elementor-widget-text-editor\" data-id=\"05f6af0\" data-element_type=\"widget\" data-settings=\"{&quot;_animation&quot;:&quot;fadeIn&quot;}\" data-widget_type=\"text-editor.default\">\n\t\t\t\t<div class=\"elementor-widget-container\">\n\t\t\t\t\t\t\t\t\t<p>\u00a0<\/p><p><strong>Qu\u00e9 Ofrecemos:<\/strong><\/p><ul><li>Diagn\u00f3stico y evaluaci\u00f3n precisos de lesiones y afecciones ortop\u00e9dicas.<\/li><li>Tratamientos conservadores y quir\u00fargicos avanzados.<\/li><li>Cirug\u00eda ortop\u00e9dica de alta calidad, cuando es necesaria.<\/li><li>Rehabilitaci\u00f3n y fisioterapia para una recuperaci\u00f3n \u00f3ptima.<\/li><li>Orientaci\u00f3n y seguimiento continuo para tu recuperaci\u00f3n.<\/li><\/ul><p><strong>C\u00f3mo Programar una Cita:<\/strong><\/p><p>Puedes programar una cita con el Dr. Francisco Pereida D\u00edaz llamando a nuestro n\u00famero de tel\u00e9fono. Nuestro personal de atenci\u00f3n al paciente estar\u00e1 encantado de ayudarte a programar tu cita y responder a tus preguntas.<\/p><p><strong>Emergencias y Citas Urgentes:<\/strong><\/p><p>Si tienes una emergencia m\u00e9dica ortop\u00e9dica, te recomendamos que te comuniques con nosotros inmediatamente al n\u00famero <strong>3513495121<\/strong> o busques atenci\u00f3n m\u00e9dica en el hospital m\u00e1s cercano.<\/p><p><strong>Estamos aqu\u00ed para ayudarte:<\/strong><\/p><p>El Dr. Francisco Pereida D\u00edaz y su equipo est\u00e1n comprometidos en proporcionarte la mejor atenci\u00f3n traumatol\u00f3gica y ortop\u00e9dica posible. Tu salud y bienestar son nuestra prioridad, y estamos disponibles para responder a tus necesidades y preguntas en cualquier momento.<\/p><p>Gracias por considerarnos como tu proveedor de atenci\u00f3n traumatol\u00f3gica y ortop\u00e9dica.<\/p>\t\t\t\t\t\t\t\t<\/div>\n\t\t\t\t<\/div>\n\t\t\t\t\t<\/div>\n\t\t\t\t<\/div>\n\t\t<div class=\"elementor-element elementor-element-bc168b0 e-flex e-con-boxed elementor-invisible e-con e-parent\" data-id=\"bc168b0\" data-element_type=\"container\" data-settings=\"{&quot;background_background&quot;:&quot;classic&quot;,&quot;animation&quot;:&quot;zoomIn&quot;}\">\n\t\t\t\t\t<div class=\"e-con-inner\">\n\t\t\t\t<div class=\"elementor-element elementor-element-bc07396 elementor-widget elementor-widget-heading\" data-id=\"bc07396\" data-element_type=\"widget\" data-widget_type=\"heading.default\">\n\t\t\t\t<div class=\"elementor-widget-container\">\n\t\t\t\t\t<h2 class=\"elementor-heading-title elementor-size-default\">En MayPe ...\u00a1Esperamos poder ayudarte a recuperar tu movilidad y calidad de vida!<\/h2>\t\t\t\t<\/div>\n\t\t\t\t<\/div>\n\t\t\t\t\t<\/div>\n\t\t\t\t<\/div>\n\t\t<div class=\"elementor-element elementor-element-1ee468a0 e-con-full e-flex e-con e-parent\" data-id=\"1ee468a0\" data-element_type=\"container\">\n\t\t<div class=\"elementor-element elementor-element-353faebe e-con-full e-flex e-con e-child\" data-id=\"353faebe\" data-element_type=\"container\" data-settings=\"{&quot;background_background&quot;:&quot;slideshow&quot;,&quot;background_slideshow_gallery&quot;:[],&quot;background_slideshow_loop&quot;:&quot;yes&quot;,&quot;background_slideshow_slide_duration&quot;:5000,&quot;background_slideshow_slide_transition&quot;:&quot;fade&quot;,&quot;background_slideshow_transition_duration&quot;:500}\">\n\t\t\t\t<div class=\"elementor-element elementor-element-2a7b8e76 elementor-invisible elementor-widget elementor-widget-image\" data-id=\"2a7b8e76\" data-element_type=\"widget\" data-settings=\"{&quot;_animation&quot;:&quot;zoomIn&quot;}\" data-widget_type=\"image.default\">\n\t\t\t\t<div class=\"elementor-widget-container\">\n\t\t\t\t\t\t\t\t\t\t\t\t\t\t\t<img decoding=\"async\" width=\"1024\" height=\"1024\" src=\"https:\/\/drfranciscopereidadiaz.com\/wp-content\/uploads\/2023\/10\/Diseno-sin-titulo-109.png\" class=\"attachment-large size-large wp-image-54\" alt=\"\" \/>\t\t\t\t\t\t\t\t\t\t\t\t\t\t\t<\/div>\n\t\t\t\t<\/div>\n\t\t\t\t<\/div>\n\t\t\t\t<\/div>\n\t\t<div class=\"elementor-element elementor-element-3a5d8d4 e-con-full e-flex e-con e-parent\" data-id=\"3a5d8d4\" data-element_type=\"container\">\n\t\t\t\t<div class=\"elementor-element elementor-element-42214e7 elementor-widget elementor-widget-google_maps\" data-id=\"42214e7\" data-element_type=\"widget\" data-widget_type=\"google_maps.default\">\n\t\t\t\t<div class=\"elementor-widget-container\">\n\t\t\t\t\t\t\t<div class=\"elementor-custom-embed\">\n\t\t\t<iframe loading=\"lazy\"\n\t\t\t\t\tsrc=\"https:\/\/maps.google.com\/maps?q=Virrey%20de%20Almanza%20400%20colonia%20el%20Duero&#038;t=m&#038;z=10&#038;output=embed&#038;iwloc=near\"\n\t\t\t\t\ttitle=\"Virrey de Almanza 400 colonia el Duero\"\n\t\t\t\t\taria-label=\"Virrey de Almanza 400 colonia el Duero\"\n\t\t\t><\/iframe>\n\t\t<\/div>\n\t\t\t\t\t\t<\/div>\n\t\t\t\t<\/div>\n\t\t\t\t<\/div>\n\t\t\t\t<\/div>\n\t\t","protected":false},"excerpt":{"rendered":"<p>Dr. Francisco Pereida D\u00edaz Traumat\u00f3lo Estamos encantados de que est\u00e9s considerando ponerte en contacto con nosotros para abordar tus necesidades de traumatolog\u00eda y ortopedia, y para obtener informaci\u00f3n sobre nuestros servicios m\u00e9dicos. Informaci\u00f3n de Contacto: Direcci\u00f3n de la Consulta: Virrey de Almanza 400 colonia el DueroN\u00famero de Tel\u00e9fono: 3516881807N\u00famero de Celular: 3511930333 Urgencias: 3513495121 Horario [&hellip;]<\/p>\n","protected":false},"author":2,"featured_media":0,"parent":0,"menu_order":0,"comment_status":"closed","ping_status":"closed","template":"","meta":{"site-sidebar-layout":"no-sidebar","site-content-layout":"","ast-site-content-layout":"full-width-container","site-content-style":"default","site-sidebar-style":"default","ast-global-header-display":"","ast-banner-title-visibility":"","ast-main-header-display":"","ast-hfb-above-header-display":"","ast-hfb-below-header-display":"","ast-hfb-mobile-header-display":"","site-post-title":"disabled","ast-breadcrumbs-content":"","ast-featured-img":"disabled","footer-sml-layout":"","theme-transparent-header-meta":"","adv-header-id-meta":"","stick-header-meta":"","header-above-stick-meta":"","header-main-stick-meta":"","header-below-stick-meta":"","astra-migrate-meta-layouts":"default","ast-page-background-enabled":"default","ast-page-background-meta":{"desktop":{"background-color":"var(--ast-global-color-4)","background-image":"","background-repeat":"repeat","background-position":"center center","background-size":"auto","background-attachment":"scroll","background-type":"","background-media":"","overlay-type":"","overlay-color":"","overlay-opacity":"","overlay-gradient":""},"tablet":{"background-color":"","background-image":"","background-repeat":"repeat","background-position":"center center","background-size":"auto","background-attachment":"scroll","background-type":"","background-media":"","overlay-type":"","overlay-color":"","overlay-opacity":"","overlay-gradient":""},"mobile":{"background-color":"","background-image":"","background-repeat":"repeat","background-position":"center center","background-size":"auto","background-attachment":"scroll","background-type":"","background-media":"","overlay-type":"","overlay-color":"","overlay-opacity":"","overlay-gradient":""}},"ast-content-background-meta":{"desktop":{"background-color":"var(--ast-global-color-5)","background-image":"","background-repeat":"repeat","background-position":"center center","background-size":"auto","background-attachment":"scroll","background-type":"","background-media":"","overlay-type":"","overlay-color":"","overlay-opacity":"","overlay-gradient":""},"tablet":{"background-color":"var(--ast-global-color-5)","background-image":"","background-repeat":"repeat","background-position":"center center","background-size":"auto","background-attachment":"scroll","background-type":"","background-media":"","overlay-type":"","overlay-color":"","overlay-opacity":"","overlay-gradient":""},"mobile":{"background-color":"var(--ast-global-color-5)","background-image":"","background-repeat":"repeat","background-position":"center center","background-size":"auto","background-attachment":"scroll","background-type":"","background-media":"","overlay-type":"","overlay-color":"","overlay-opacity":"","overlay-gradient":""}},"footnotes":""},"class_list":["post-147","page","type-page","status-publish","hentry"],"_links":{"self":[{"href":"https:\/\/drfranciscopereidadiaz.com\/index.php\/wp-json\/wp\/v2\/pages\/147","targetHints":{"allow":["GET"]}}],"collection":[{"href":"https:\/\/drfranciscopereidadiaz.com\/index.php\/wp-json\/wp\/v2\/pages"}],"about":[{"href":"https:\/\/drfranciscopereidadiaz.com\/index.php\/wp-json\/wp\/v2\/types\/page"}],"author":[{"embeddable":true,"href":"https:\/\/drfranciscopereidadiaz.com\/index.php\/wp-json\/wp\/v2\/users\/2"}],"replies":[{"embeddable":true,"href":"https:\/\/drfranciscopereidadiaz.com\/index.php\/wp-json\/wp\/v2\/comments?post=147"}],"version-history":[{"count":36,"href":"https:\/\/drfranciscopereidadiaz.com\/index.php\/wp-json\/wp\/v2\/pages\/147\/revisions"}],"predecessor-version":[{"id":257,"href":"https:\/\/drfranciscopereidadiaz.com\/index.php\/wp-json\/wp\/v2\/pages\/147\/revisions\/257"}],"wp:attachment":[{"href":"https:\/\/drfranciscopereidadiaz.com\/index.php\/wp-json\/wp\/v2\/media?parent=147"}],"curies":[{"name":"wp","href":"https:\/\/api.w.org\/{rel}","templated":true}]}}